{"id":23,"date":"2025-04-16T10:03:25","date_gmt":"2025-04-16T08:03:25","guid":{"rendered":"https:\/\/l-ortie.fr\/?page_id=23"},"modified":"2025-04-18T11:06:37","modified_gmt":"2025-04-18T09:06:37","slug":"mon-approche","status":"publish","type":"page","link":"https:\/\/l-ortie.fr\/index.php\/mon-approche\/","title":{"rendered":"Tarif"},"content":{"rendered":"\n<div class=\"wp-block-group alignfull has-background has-global-padding is-layout-constrained wp-container-core-group-is-layout-2de2ce88 wp-block-group-is-layout-constrained\" style=\"background-color:#e9f3f585;padding-top:8rem;padding-right:0;padding-bottom:8rem;padding-left:0\">\n<div class=\"wp-block-media-text alignwide has-media-on-the-right is-stacked-on-mobile\" style=\"margin-right:0;margin-left:0;padding-right:0;padding-left:0;grid-template-columns:auto 31%\"><div class=\"wp-block-media-text__content\">\n<div class=\"wp-block-group has-global-padding is-layout-constrained wp-container-core-group-is-layout-0395af79 wp-block-group-is-layout-constrained\" style=\"padding-top:4.51rem;padding-right:2.71rem;padding-bottom:4.51rem;padding-left:0\">\n<h2 class=\"wp-block-heading has-text-align-left has-text-color has-link-color has-prata-regular-font-family wp-elements-a7de2a7516de92b986e4e9ba3b753aab\" style=\"color:#733b36;font-size:clamp(1.502rem, 1.502rem + ((1vw - 0.2rem) * 1.815), 2.5rem);\">Une approche durable<\/h2>\n\n\n\n<p class=\"has-text-color has-link-color wp-elements-3065c09599634971db9a9b1880120746\" style=\"color:#733b36;font-size:clamp(0.875rem, 0.875rem + ((1vw - 0.2rem) * 0.591), 1.2rem);\">La m\u00e9thode des petits pas est la seule qui fonctionne durablement, engendrant une transformation en profondeur. A chaque consultation, vous aurez de nouveaux gestes \u00e0 introduire dans votre quotidien, de mani\u00e8re r\u00e9guli\u00e8re et r\u00e9p\u00e9t\u00e9e, afin que ces bonnes habitudes deviennent des r\u00e9flexes.<\/p>\n\n\n\n<p class=\"has-text-color has-link-color wp-elements-32df036fa3eba734182dfdeb297d6825\" style=\"color:#733b36;font-size:clamp(0.875rem, 0.875rem + ((1vw - 0.2rem) * 0.591), 1.2rem);\">Petit \u00e0 petit, vous construisez un nouveau mode de vie qui vous ressemble, adapt\u00e9 \u00e0 votre vie familiale, professionnelle et sociale<\/p>\n<\/div>\n<\/div><figure class=\"wp-block-media-text__media\"><img loading=\"lazy\" decoding=\"async\" width=\"683\" height=\"1024\" src=\"http:\/\/l-ortie.fr\/wp-content\/uploads\/2025\/04\/pexels-ioanamtc-9158118-683x1024.jpg\" alt=\"\" class=\"wp-image-79 size-full\" srcset=\"https:\/\/l-ortie.fr\/wp-content\/uploads\/2025\/04\/pexels-ioanamtc-9158118-683x1024.jpg 683w, https:\/\/l-ortie.fr\/wp-content\/uploads\/2025\/04\/pexels-ioanamtc-9158118-200x300.jpg 200w, https:\/\/l-ortie.fr\/wp-content\/uploads\/2025\/04\/pexels-ioanamtc-9158118-768x1152.jpg 768w, https:\/\/l-ortie.fr\/wp-content\/uploads\/2025\/04\/pexels-ioanamtc-9158118-1024x1536.jpg 1024w, https:\/\/l-ortie.fr\/wp-content\/uploads\/2025\/04\/pexels-ioanamtc-9158118-1365x2048.jpg 1365w, https:\/\/l-ortie.fr\/wp-content\/uploads\/2025\/04\/pexels-ioanamtc-9158118-scaled.jpg 1707w\" sizes=\"auto, (max-width: 683px) 100vw, 683px\" \/><\/figure><\/div>\n<\/div>\n\n\n\n<div class=\"wp-block-cover alignfull is-light has-custom-color-1-color has-text-color\" style=\"padding-top:5rem;padding-right:20px;padding-bottom:6rem;padding-left:20px\"><span aria-hidden=\"true\" class=\"wp-block-cover__background has-background-dim-0 has-background-dim\" style=\"background-color:#f2cbbd\"><\/span><div class=\"wp-block-cover__inner-container has-global-padding is-layout-constrained wp-container-core-cover-is-layout-5fc17374 wp-block-cover-is-layout-constrained\">\n<h2 class=\"wp-block-heading has-text-align-center has-text-color has-prata-regular-font-family\" style=\"color:#733b36;margin-bottom:2.71rem;font-size:clamp(1.502em, 1.502rem + ((1vw - 0.2em) * 1.815), 2.5em);font-style:normal;font-weight:400\">Le chemin du changement<\/h2>\n\n\n\n<div class=\"wp-block-columns is-layout-flex wp-container-core-columns-is-layout-5bafef9e wp-block-columns-is-layout-flex\" style=\"margin-top:65px;padding-top:0px;padding-right:50px;padding-bottom:0px;padding-left:50px\">\n<div class=\"wp-block-column is-layout-flow wp-container-core-column-is-layout-fe0e2ea3 wp-block-column-is-layout-flow\">\n<figure class=\"wp-block-image size-full is-resized is-style-rounded\"><img loading=\"lazy\" decoding=\"async\" width=\"1707\" height=\"2560\" src=\"http:\/\/l-ortie.fr\/wp-content\/uploads\/2025\/04\/pexels-mikhail-nilov-6957431-scaled.jpg\" alt=\"\" class=\"wp-image-92\" style=\"object-fit:cover;width:350px;height:550px\" srcset=\"https:\/\/l-ortie.fr\/wp-content\/uploads\/2025\/04\/pexels-mikhail-nilov-6957431-scaled.jpg 1707w, https:\/\/l-ortie.fr\/wp-content\/uploads\/2025\/04\/pexels-mikhail-nilov-6957431-200x300.jpg 200w, https:\/\/l-ortie.fr\/wp-content\/uploads\/2025\/04\/pexels-mikhail-nilov-6957431-683x1024.jpg 683w, https:\/\/l-ortie.fr\/wp-content\/uploads\/2025\/04\/pexels-mikhail-nilov-6957431-768x1152.jpg 768w, https:\/\/l-ortie.fr\/wp-content\/uploads\/2025\/04\/pexels-mikhail-nilov-6957431-1024x1536.jpg 1024w, https:\/\/l-ortie.fr\/wp-content\/uploads\/2025\/04\/pexels-mikhail-nilov-6957431-1365x2048.jpg 1365w\" sizes=\"auto, (max-width: 1707px) 100vw, 1707px\" \/><\/figure>\n\n\n\n<h4 class=\"wp-block-heading has-text-align-center has-text-color has-link-color wp-elements-588ca15c3b7188f57ceb96e9e00904ae\" style=\"color:#733b36;margin-top:1.75rem;font-size:clamp(16.293px, 1.018rem + ((1vw - 3.2px) * 0.989), 25px);font-style:normal;font-weight:500\">Les 3 premiers pas<\/h4>\n\n\n\n<p class=\"has-text-align-center has-text-color has-background\" style=\"border-radius:20px;color:#733b36;background-color:#f2cbbd;margin-bottom:1.5rem;font-size:clamp(14px, 0.875rem + ((1vw - 3.2px) * 0.227), 16px);\">Lors de la premi\u00e8re consultation, nous prenons le temps d\u2019explorer votre quotidien, votre sant\u00e9, vos habitudes et votre relation avec la nourriture. <\/p>\n\n\n\n<p class=\"has-text-align-center has-text-color has-background\" style=\"border-radius:20px;color:#733b36;background-color:#f2cbbd;margin-bottom:1.5rem;font-size:clamp(14px, 0.875rem + ((1vw - 3.2px) * 0.227), 16px);\">A la fin de la premi\u00e8re consultation, vous avez 3 changements \u00e0 initier dans votre quotidien. Vous voil\u00e0 engag\u00e9.e sur le chemin du changement<\/p>\n\n\n\n<div class=\"wp-block-buttons is-layout-flex wp-block-buttons-is-layout-flex\" style=\"margin-top:0;margin-bottom:0\">\n<div class=\"wp-block-button is-style-outline is-style-outline--1\"><a class=\"wp-block-button__link has-text-align-center has-custom-font-size wp-element-button\" style=\"border-radius:0px;border-top-style:none;border-top-width:0px;border-right-color:#fffffd;border-bottom-color:#1e293b;border-bottom-width:1px;border-left-style:none;border-left-width:0px;padding-top:0;padding-right:0px;padding-bottom:0;padding-left:0px;font-size:clamp(14px, 0.875rem + ((1vw - 3.2px) * 0.227), 16px);font-style:normal;font-weight:500;line-height:1.6\">Tarif premi\u00e8re consultation 60 euros<\/a><\/div>\n<\/div>\n<\/div>\n\n\n\n<div class=\"wp-block-column is-layout-flow wp-container-core-column-is-layout-fe0e2ea3 wp-block-column-is-layout-flow\">\n<figure class=\"wp-block-image size-full is-resized is-style-rounded\"><img loading=\"lazy\" decoding=\"async\" width=\"1707\" height=\"2560\" src=\"http:\/\/l-ortie.fr\/wp-content\/uploads\/2025\/04\/pexels-yankrukov-7155648-scaled.jpg\" alt=\"\" class=\"wp-image-105\" style=\"object-fit:cover;width:350px;height:550px\" srcset=\"https:\/\/l-ortie.fr\/wp-content\/uploads\/2025\/04\/pexels-yankrukov-7155648-scaled.jpg 1707w, https:\/\/l-ortie.fr\/wp-content\/uploads\/2025\/04\/pexels-yankrukov-7155648-200x300.jpg 200w, https:\/\/l-ortie.fr\/wp-content\/uploads\/2025\/04\/pexels-yankrukov-7155648-683x1024.jpg 683w, https:\/\/l-ortie.fr\/wp-content\/uploads\/2025\/04\/pexels-yankrukov-7155648-768x1152.jpg 768w, https:\/\/l-ortie.fr\/wp-content\/uploads\/2025\/04\/pexels-yankrukov-7155648-1024x1536.jpg 1024w, https:\/\/l-ortie.fr\/wp-content\/uploads\/2025\/04\/pexels-yankrukov-7155648-1365x2048.jpg 1365w\" sizes=\"auto, (max-width: 1707px) 100vw, 1707px\" \/><\/figure>\n\n\n\n<h4 class=\"wp-block-heading has-text-align-center has-text-color has-link-color wp-elements-f2691ceefd4df8f721cab59296b405b8\" style=\"color:#733b36;margin-top:1.75rem;font-size:clamp(16.293px, 1.018rem + ((1vw - 3.2px) * 0.989), 25px);font-style:normal;font-weight:500\">Le chemin du changement<\/h4>\n\n\n\n<p class=\"has-text-align-center has-text-color has-background\" style=\"border-radius:20px;color:#733b36;background-color:#f2cbbd;margin-bottom:1.5rem;font-size:clamp(14px, 0.875rem + ((1vw - 3.2px) * 0.227), 16px);\">Pendant le suivi, je vous accompagne de mani\u00e8re rapproch\u00e9e pour que vous vous sentiez soutenu.e et guid\u00e9.e \u00e0 chaque \u00e9tape de votre cheminement.<\/p>\n\n\n\n<p class=\"has-text-align-center has-text-color has-background\" style=\"border-radius:20px;color:#733b36;background-color:#f2cbbd;margin-bottom:1.5rem;font-size:clamp(14px, 0.875rem + ((1vw - 3.2px) * 0.227), 16px);\">Vous continuez d\u2019avancer : on valide les gestes acquis et vous relevez de nouveaux d\u00e9fis<\/p>\n\n\n\n<div class=\"wp-block-buttons is-layout-flex wp-block-buttons-is-layout-flex\" style=\"margin-top:0;margin-bottom:0\">\n<div class=\"wp-block-button is-style-outline is-style-outline--2\"><a class=\"wp-block-button__link has-text-color has-custom-font-size wp-element-button\" style=\"border-radius:0px;border-top-style:none;border-top-width:0px;border-right-color:#fffffd;border-bottom-color:#1e293b;border-bottom-width:1px;border-left-style:none;border-left-width:0px;color:#1e293b;padding-top:0;padding-right:0px;padding-bottom:0;padding-left:0px;font-size:clamp(14px, 0.875rem + ((1vw - 3.2px) * 0.227), 16px);font-style:normal;font-weight:600;line-height:1.6\">Tarif consultation de suivi 40 euros<\/a><\/div>\n<\/div>\n<\/div>\n\n\n\n<div class=\"wp-block-column is-layout-flow wp-container-core-column-is-layout-da1d6529 wp-block-column-is-layout-flow\">\n<figure class=\"wp-block-image size-full is-resized is-style-rounded\"><img loading=\"lazy\" decoding=\"async\" width=\"2048\" height=\"2560\" src=\"http:\/\/l-ortie.fr\/wp-content\/uploads\/2025\/04\/tyson-BLdTFSyfCEg-unsplash-scaled.jpg\" alt=\"\" class=\"wp-image-104\" style=\"object-fit:cover;width:350px;height:550px\" srcset=\"https:\/\/l-ortie.fr\/wp-content\/uploads\/2025\/04\/tyson-BLdTFSyfCEg-unsplash-scaled.jpg 2048w, https:\/\/l-ortie.fr\/wp-content\/uploads\/2025\/04\/tyson-BLdTFSyfCEg-unsplash-240x300.jpg 240w, https:\/\/l-ortie.fr\/wp-content\/uploads\/2025\/04\/tyson-BLdTFSyfCEg-unsplash-819x1024.jpg 819w, https:\/\/l-ortie.fr\/wp-content\/uploads\/2025\/04\/tyson-BLdTFSyfCEg-unsplash-768x960.jpg 768w, https:\/\/l-ortie.fr\/wp-content\/uploads\/2025\/04\/tyson-BLdTFSyfCEg-unsplash-1229x1536.jpg 1229w, https:\/\/l-ortie.fr\/wp-content\/uploads\/2025\/04\/tyson-BLdTFSyfCEg-unsplash-1638x2048.jpg 1638w\" sizes=\"auto, (max-width: 2048px) 100vw, 2048px\" \/><\/figure>\n\n\n\n<h4 class=\"wp-block-heading has-text-align-center has-text-color has-link-color wp-elements-454040702be150f15726296a1385e744\" style=\"color:#733b36;margin-top:1.75rem;font-size:clamp(16.293px, 1.018rem + ((1vw - 3.2px) * 0.989), 25px);font-style:normal;font-weight:500\">Arriv\u00e9e<\/h4>\n\n\n\n<p class=\"has-text-align-center has-text-color has-background\" style=\"border-radius:20px;color:#733b36;background-color:#f2cbbd;margin-bottom:1.5rem;font-size:clamp(14px, 0.875rem + ((1vw - 3.2px) * 0.227), 16px);\">Vous vous sentez en pleine sant\u00e9 et construire votre \u00e9quilibre n\u2019a plus de secret pour vous, c\u2019est l\u2019heure de recevoir votre certificat d\u2019accomplissement.<\/p>\n\n\n\n<p class=\"has-text-align-center has-text-color has-background has-link-color wp-elements-8e044e991775255cd8831d587f82b1ae\" style=\"border-radius:20px;color:#733b36;background-color:#f2cbbd;font-size:clamp(14px, 0.875rem + ((1vw - 3.2px) * 0.227), 16px);\">Nous pouvons nous rencontrer de mani\u00e8re ponctuelle pour faire le point sur votre alimentation<\/p>\n\n\n\n<div class=\"wp-block-group is-vertical is-layout-flex wp-container-core-group-is-layout-fe9cc265 wp-block-group-is-layout-flex\">\n<p style=\"font-size:clamp(14px, 0.875rem + ((1vw - 3.2px) * 0.227), 16px);font-style:normal;font-weight:600;text-decoration:underline\">Tarif consultation de bilan 60 euros<\/p>\n<\/div>\n<\/div>\n<\/div>\n<\/div><\/div>\n\n\n\n<div class=\"wp-block-cover alignfull\" style=\"padding-top:120px;padding-bottom:200px\"><img loading=\"lazy\" decoding=\"async\" width=\"1024\" height=\"683\" class=\"wp-block-cover__image-background wp-image-80 size-large\" alt=\"\" src=\"http:\/\/l-ortie.fr\/wp-content\/uploads\/2025\/04\/pexels-ivan-samkov-4784063-1024x683.jpg\" data-object-fit=\"cover\" srcset=\"https:\/\/l-ortie.fr\/wp-content\/uploads\/2025\/04\/pexels-ivan-samkov-4784063-1024x683.jpg 1024w, https:\/\/l-ortie.fr\/wp-content\/uploads\/2025\/04\/pexels-ivan-samkov-4784063-300x200.jpg 300w, https:\/\/l-ortie.fr\/wp-content\/uploads\/2025\/04\/pexels-ivan-samkov-4784063-768x512.jpg 768w, https:\/\/l-ortie.fr\/wp-content\/uploads\/2025\/04\/pexels-ivan-samkov-4784063-1536x1024.jpg 1536w\" sizes=\"auto, (max-width: 1024px) 100vw, 1024px\" \/><span aria-hidden=\"true\" class=\"wp-block-cover__background has-black-background-color has-background-dim-40 has-background-dim\"><\/span><div class=\"wp-block-cover__inner-container has-global-padding is-layout-constrained wp-block-cover-is-layout-constrained\">\n<div class=\"wp-block-group has-global-padding is-layout-constrained wp-container-core-group-is-layout-92ef7b19 wp-block-group-is-layout-constrained\">\n<div class=\"wp-block-group is-vertical is-content-justification-stretch is-layout-flex wp-container-core-group-is-layout-9965dbc4 wp-block-group-is-layout-flex\" style=\"padding-top:0;padding-right:2.01rem;padding-bottom:0;padding-left:2.01rem\">\n<p class=\"has-text-align-center has-text-color\" style=\"color:#f2cbbd;font-size:clamp(0.984rem, 0.984rem + ((1vw - 0.2rem) * 0.938), 1.5rem);font-style:normal;font-weight:400\">Envie de retrouver une vie sociale ?<\/p>\n\n\n\n<p class=\"has-text-align-center has-text-color has-link-color wp-elements-3a90460965ceb742e39af057a782817e\" style=\"color:#f2cbbd;font-size:clamp(0.984rem, 0.984rem + ((1vw - 0.2rem) * 0.938), 1.5rem);font-style:normal;font-weight:400\">Envie de perdre ou gagner du poids ?<\/p>\n\n\n\n<p class=\"has-text-align-center has-text-color has-link-color wp-elements-1aae1adad9ffa5d656b6c9c000aac5e2\" style=\"color:#f2cbbd;font-size:clamp(0.984rem, 0.984rem + ((1vw - 0.2rem) * 0.938), 1.5rem);font-style:normal;font-weight:400\"> Envie d&rsquo;agrandir la famille ?<\/p>\n\n\n\n<div class=\"wp-block-buttons is-content-justification-center is-layout-flex wp-container-core-buttons-is-layout-f9602b72 wp-block-buttons-is-layout-flex\" style=\"margin-top:2.01rem;margin-bottom:2.01rem\">\n<div class=\"wp-block-button is-style-fill\"><a class=\"wp-block-button__link has-text-color has-background has-custom-font-size wp-element-button\" href=\"https:\/\/www.doctolib.fr\/dieteticien\/blere\/lore-borremans\" style=\"border-radius:20px;color:#ffffff;background-color:#6393a6;padding-top:9px;padding-right:40px;padding-bottom:9px;padding-left:40px;font-size:clamp(0.875rem, 0.875rem + ((1vw - 0.2rem) * 0.464), 1.13rem);font-style:normal;font-weight:300;letter-spacing:2px;text-transform:uppercase\">Prenez-rendez-vous<\/a><\/div>\n<\/div>\n<\/div>\n<\/div>\n<\/div><\/div>\n\n\n\n<p><\/p>\n","protected":false},"excerpt":{"rendered":"<p>Une approche durable La m\u00e9thode des petits pas est la seule qui fonctionne durablement, engendrant une transformation en profondeur. A chaque consultation, vous aurez de nouveaux gestes \u00e0 introduire dans votre quotidien, de mani\u00e8re r\u00e9guli\u00e8re et r\u00e9p\u00e9t\u00e9e, afin que ces bonnes habitudes deviennent des r\u00e9flexes. Petit \u00e0 petit, vous construisez un nouveau mode de vie [&hellip;]<\/p>\n","protected":false},"author":1,"featured_media":0,"parent":0,"menu_order":0,"comment_status":"closed","ping_status":"closed","template":"","meta":{"footnotes":""},"class_list":["post-23","page","type-page","status-publish","hentry"],"_links":{"self":[{"href":"https:\/\/l-ortie.fr\/index.php\/wp-json\/wp\/v2\/pages\/23","targetHints":{"allow":["GET"]}}],"collection":[{"href":"https:\/\/l-ortie.fr\/index.php\/wp-json\/wp\/v2\/pages"}],"about":[{"href":"https:\/\/l-ortie.fr\/index.php\/wp-json\/wp\/v2\/types\/page"}],"author":[{"embeddable":true,"href":"https:\/\/l-ortie.fr\/index.php\/wp-json\/wp\/v2\/users\/1"}],"replies":[{"embeddable":true,"href":"https:\/\/l-ortie.fr\/index.php\/wp-json\/wp\/v2\/comments?post=23"}],"version-history":[{"count":18,"href":"https:\/\/l-ortie.fr\/index.php\/wp-json\/wp\/v2\/pages\/23\/revisions"}],"predecessor-version":[{"id":213,"href":"https:\/\/l-ortie.fr\/index.php\/wp-json\/wp\/v2\/pages\/23\/revisions\/213"}],"wp:attachment":[{"href":"https:\/\/l-ortie.fr\/index.php\/wp-json\/wp\/v2\/media?parent=23"}],"curies":[{"name":"wp","href":"https:\/\/api.w.org\/{rel}","templated":true}]}}